{"id":2,"date":"2014-12-01T10:37:20","date_gmt":"2014-12-01T10:37:20","guid":{"rendered":"http:\/\/www.centrulrezidentialacasa.ro\/?page_id=2"},"modified":"2018-03-26T07:28:46","modified_gmt":"2018-03-26T07:28:46","slug":"sample-page","status":"publish","type":"page","link":"https:\/\/www.centrulrezidentialacasa.ro\/","title":{"rendered":"Acasa"},"content":{"rendered":"<div class=\"section cover row-display-boxes wm-new-images\"><div class=\"row onepixel\"><div class=\"vc_col-sm-5\"><div class=\"element \"  ><div class=\"color-box-item\"><div class=\"color-box height-group section default\" data-bg=\"https:\/\/www.centrulrezidentialacasa.ro\/wp-content\/uploads\/2014\/12\/Poza-casuta-nr-1-Pagina-Acasa.jpg\" data-bgmark=\"rgba(0,0,0,0.7)\"><div class=\"color-box-inner\"><div class=\"color-box-content\"><h5 class=\"box-title \"><\/h5><p><\/p><\/div><div class=\"color-box-icon\"><i class=\"fa fa-\"><\/i><\/div><\/div><\/div><\/div><\/div><\/div><div class=\"vc_col-sm-7\"><div class=\"element \"  ><div class=\"row clearfix onepixel\"><div class=\"vc_col-sm-4 wpb_column column_container\"><div class=\"element \"  ><div class=\"color-box-item\"><div class=\"color-box height-group section default\" data-bg=\"https:\/\/www.centrulrezidentialacasa.ro\/wp-content\/uploads\/2014\/12\/Poza-casuta-nr-2-Pagina-Acasa.jpg\" data-bgmark=\"rgba(0,0,0,0.7)\"><div class=\"color-box-inner\"><div class=\"color-box-content\"><h5 class=\"box-title \"><\/h5><p><\/p><\/div><div class=\"color-box-icon\"><i class=\"fa fa-\"><\/i><\/div><\/div><\/div><\/div><\/div><\/div><div class=\"vc_col-sm-4 wpb_column column_container\"><div class=\"element \"  ><div class=\"color-box-item\"><div class=\"color-box height-group section default\" data-bg=\"https:\/\/www.centrulrezidentialacasa.ro\/wp-content\/uploads\/2014\/12\/Poza-casuta-nr-3-Pagina-Acasa.jpg\" data-bgmark=\"rgba(0,0,0,0.7)\"><div class=\"color-box-inner\"><div class=\"color-box-content\"><h5 class=\"box-title \"><\/h5><p><\/p><\/div><div class=\"color-box-icon\"><i class=\"fa fa-\"><\/i><\/div><\/div><\/div><\/div><\/div><\/div><div class=\"vc_col-sm-4 wpb_column column_container\"><div class=\"element \"  ><div class=\"color-box-item\"><div class=\"color-box height-group section default\" data-bg=\"https:\/\/www.centrulrezidentialacasa.ro\/wp-content\/uploads\/2014\/12\/Poza-casuta-nr-4-Pagina-Acasa.jpg\" data-bgmark=\"rgba(0,0,0,0.7)\"><div class=\"color-box-inner\"><div class=\"color-box-content\"><h5 class=\"box-title \"><\/h5><p><\/p><\/div><div class=\"color-box-icon\"><i class=\"fa fa-\"><\/i><\/div><\/div><\/div><\/div><\/div><\/div><\/div><\/div><\/div><\/div><\/div><div class=\"section cover \"><div class=\"row normal\"><div class=\"vc_col-sm-12\"><div class=\"element \"  ><div class=\"vc_empty_space\"  style=\"height: 32px\" ><span class=\"vc_empty_space_inner\"><\/span><\/div>\n\n\n\t<div class=\"wpb_text_column wpb_content_element \">\n\t\t<div class=\"wpb_wrapper\">\n\t\t\t<h1 style=\"text-align: center;\"><strong>PENTRU ORICE TIP DE \u00a0<span style=\"color: #937e71;\">CAMER\u0102 <\/span>\u00a0A\u0162I OPTA, BENEFICIA\u0162I DE URM\u0102TOARELE DOT\u0102RI:<\/strong><\/h1>\n<p style=\"text-align: center;\">Toate acomod\u0103rile sunt de tip hotelier.<\/p>\n\n\t\t<\/div> \n\t<\/div> <\/div><\/div><div class=\"vc_col-sm-12\"><div class=\"element \"  ><\/div><\/div><\/div><\/div><div class=\"section cover \"><div class=\"row normal\"><div class=\"vc_col-sm-12\"><div class=\"element \"  >\n\t<div class=\"wpb_text_column wpb_content_element \">\n\t\t<div class=\"wpb_wrapper\">\n\t\t\t\n\t\t<\/div> \n\t<\/div> <\/div><\/div><\/div><\/div><div class=\"section cover col-with-offset-iconboxes\"><div class=\"row nornal\"><div class=\"vc_col-sm-4\"><div class=\"element \"  ><div class=\"iconbox clearfix alt icon-custom\"><div class=\"iconbox-icon\"><i class=\"fa fa-comments\"><\/i><\/div><div class=\"iconbox-content\"><h4 class=\"bottom-10\">Spatii de socializare<\/h4><div class=\"iconbox-content-p\">Pentru destindere \u015fi \u00a0comunicare<\/div><\/div><\/div><\/div><\/div><div class=\"vc_col-sm-4 wow rollIn\" data-wow-duration=\"s\" data-wow-delay=\"s\"><div class=\"element \"  ><div class=\"iconbox clearfix alt icon-custom bottom-1010\"><div class=\"iconbox-icon\"><i class=\"fa fa-bell\"><\/i><\/div><div class=\"iconbox-content\"><h4 class=\"bottom-10\">Camer\u0103 de gard\u0103<\/h4><div class=\"iconbox-content-p\">Supraveghere continu\u0103 \u015fi asisten\u0163\u0103 medical\u0103<\/div><\/div><\/div><\/div><\/div><div class=\"vc_col-sm-4 wow rollIn\" data-wow-duration=\"s\" data-wow-delay=\"s\"><div class=\"element \"  ><div class=\"iconbox clearfix alt icon-custom\"><div class=\"iconbox-icon\"><i class=\"fa fa-desktop\"><\/i><\/div><div class=\"iconbox-content\"><h4 class=\"bottom-10\">Televizoare<\/h4><div class=\"iconbox-content-p\">Conectate la sistem de cablu<\/div><\/div><\/div><\/div><\/div><\/div><\/div><div class=\"section cover \"><div class=\"row normal\"><div class=\"vc_col-sm-12\"><div class=\"element \"  ><\/div><\/div><\/div><\/div><div class=\"section cover col-with-offset-iconboxes\"><div class=\"row nornal\"><div class=\"vc_col-sm-4 wow rollIn\" data-wow-duration=\"s\" data-wow-delay=\"s\"><div class=\"element \"  ><div class=\"iconbox clearfix alt icon-custom \"><div class=\"iconbox-icon\"><i class=\"fa fa-camera\"><\/i><\/div><div class=\"iconbox-content\"><h4 class=\"bottom-10\">Camere de supraveghere \u00een spa\u0163iile comune<\/h4><div class=\"iconbox-content-p\">Pentru a v\u0103 oferi protec\u0163ie \u015fi siguran\u0163\u0103<\/div><\/div><\/div><div class=\"vc_empty_space\"  style=\"height: 32px\" ><span class=\"vc_empty_space_inner\"><\/span><\/div>\n\n<\/div><\/div><div class=\"vc_col-sm-4 wow rollIn\" data-wow-duration=\"s\" data-wow-delay=\"s\"><div class=\"element \"  ><div class=\"iconbox clearfix alt icon-custom bottom-1010\"><div class=\"iconbox-icon\"><i class=\"pe-7s-call\"><\/i><\/div><div class=\"iconbox-content\"><h4 class=\"bottom-10\">Solicitare asistent\u0103 \u00een camer\u0103<\/h4><div class=\"iconbox-content-p\">Reprezentantul nostru este oricand la dispozitia dumneavoastra<\/div><\/div><\/div><div class=\"vc_empty_space\"  style=\"height: 32px\" ><span class=\"vc_empty_space_inner\"><\/span><\/div>\n\n<\/div><\/div><div class=\"vc_col-sm-4 wow rollIn\" data-wow-duration=\"s\" data-wow-delay=\"s\"><div class=\"element \"  ><div class=\"iconbox clearfix alt icon-custom\"><div class=\"iconbox-icon\"><i class=\"fa fa-suitcase\"><\/i><\/div><div class=\"iconbox-content\"><h4 class=\"bottom-10\">Posibilitate de amenajare interioar\u0103<\/h4><div class=\"iconbox-content-p\">Cu mobil\u0103 \u015fi\/sau bunuri proprii.<\/div><\/div><\/div><div class=\"vc_empty_space\"  style=\"height: 32px\" ><span class=\"vc_empty_space_inner\"><\/span><\/div>\n\n<\/div><\/div><\/div><\/div><div class=\"section cover gray-center-image cover top-0 fixed-image\" data-padding=\"40px 0\" data-bg=\"https:\/\/www.centrulrezidentialacasa.ro\/wp-content\/uploads\/2014\/12\/Untitled-71.jpg\" data-bgmark=\"rgba(60,60,60,0)\"><div class=\"row nornal\"><div class=\"vc_col-sm-6\"><div class=\"element \"  ><\/p>\n<div class=\"heading-area White bottom-20\">\n<h4 class=\"heading large\">VIZITE<\/h4>\n<p><span class=\"sub-heading\">Fiecare zi este cea mai potrivit\u0103 pentru a primi o vizit\u0103. <\/span><\/div>\n<div class=\"iconbox clearfix alt bottom-20\"><div class=\"iconbox-icon\"><i class=\"fa fa-comment\"><\/i><\/div><div class=\"iconbox-content\"><h4 class=\"bottom-10\">Familia \u015fi prietenii sunt invita\u0163i<\/h4><div class=\"iconbox-content-p\">\u015fi \u00eencuraja\u0163i s\u0103 vin\u0103 \u00een vizite.<\/div><\/div><\/div><div class=\"iconbox clearfix alt bottom-20\"><div class=\"iconbox-icon\"><i class=\"fa fa-comment\"><\/i><\/div><div class=\"iconbox-content\"><h4 class=\"bottom-10\">Pot servi masa \u00een familie<\/h4><div class=\"iconbox-content-p\">sau pot participa la diferite tipuri de activit\u0103\u0163i.<\/div><\/div><\/div><div class=\"iconbox clearfix alt bottom-20\"><div class=\"iconbox-icon\"><i class=\"fa fa-comment\"><\/i><\/div><div class=\"iconbox-content\"><h4 class=\"bottom-10\">O plimbare \u00een aer liber<\/h4><div class=\"iconbox-content-p\">poate deveni un moment de relaxare \u00eentotdeauna binevenit \u00een zona de agrement din apropiere.<\/div><\/div><\/div><\/div><\/div><div class=\"vc_col-sm-6\"><div class=\"element \"  ><div class=\"element text-right\"  data-padding=\"0 0 -80px 0\"><a href=\"https:\/\/www.centrulrezidentialacasa.ro\/wp-content\/uploads\/2014\/12\/l2.png\" rel=\"lightbox-0\" data-rel=\"lightbox-image-0\" data-rl_title=\"\" data-rl_caption=\"\" title=\"\"><img loading=\"lazy\" decoding=\"async\" class=\"size-medium wp-image-200 aligncenter\" src=\"https:\/\/www.centrulrezidentialacasa.ro\/wp-content\/uploads\/2014\/12\/l2-245x300.png\" alt=\"l\" width=\"245\" height=\"300\" srcset=\"https:\/\/www.centrulrezidentialacasa.ro\/wp-content\/uploads\/2014\/12\/l2-245x300.png 245w, https:\/\/www.centrulrezidentialacasa.ro\/wp-content\/uploads\/2014\/12\/l2.png 469w\" sizes=\"(max-width: 245px) 100vw, 245px\" \/><\/a><\/div><\/div><\/div><\/div><\/div><div class=\"section cover \"><div class=\"row normal\"><div class=\"vc_col-sm-12\"><div class=\"element \"  ><\/div><\/div><\/div><\/div>\n","protected":false},"excerpt":{"rendered":"PENTRU ORICE TIP DE \u00a0CAMER\u0102 \u00a0A\u0162I OPTA, BENEFICIA\u0162I DE URM\u0102TOARELE DOT\u0102RI: Toate acomod\u0103rile sunt de tip hotelier. Spatii de socializarePentru destindere \u015fi \u00a0comunicareCamer\u0103 de gard\u0103Supraveghere continu\u0103 \u015fi asisten\u0163\u0103 medical\u0103TelevizoareConectate la...","protected":false},"author":1,"featured_media":0,"parent":0,"menu_order":0,"comment_status":"closed","ping_status":"closed","template":"","meta":{"footnotes":""},"jetpack_sharing_enabled":true,"_links":{"self":[{"href":"https:\/\/www.centrulrezidentialacasa.ro\/index.php?rest_route=\/wp\/v2\/pages\/2"}],"collection":[{"href":"https:\/\/www.centrulrezidentialacasa.ro\/index.php?rest_route=\/wp\/v2\/pages"}],"about":[{"href":"https:\/\/www.centrulrezidentialacasa.ro\/index.php?rest_route=\/wp\/v2\/types\/page"}],"author":[{"embeddable":true,"href":"https:\/\/www.centrulrezidentialacasa.ro\/index.php?rest_route=\/wp\/v2\/users\/1"}],"replies":[{"embeddable":true,"href":"https:\/\/www.centrulrezidentialacasa.ro\/index.php?rest_route=%2Fwp%2Fv2%2Fcomments&post=2"}],"version-history":[{"count":157,"href":"https:\/\/www.centrulrezidentialacasa.ro\/index.php?rest_route=\/wp\/v2\/pages\/2\/revisions"}],"predecessor-version":[{"id":741,"href":"https:\/\/www.centrulrezidentialacasa.ro\/index.php?rest_route=\/wp\/v2\/pages\/2\/revisions\/741"}],"wp:attachment":[{"href":"https:\/\/www.centrulrezidentialacasa.ro\/index.php?rest_route=%2Fwp%2Fv2%2Fmedia&parent=2"}],"curies":[{"name":"wp","href":"https:\/\/api.w.org\/{rel}","templated":true}]}}